{"id":220156,"date":"2021-01-31T10:18:13","date_gmt":"2021-01-31T10:18:13","guid":{"rendered":"https:\/\/demosdivi.lovelyconfetti.com\/oliviapro\/?page_id=220156"},"modified":"2021-04-23T14:37:35","modified_gmt":"2021-04-23T12:37:35","slug":"services","status":"publish","type":"page","link":"https:\/\/latouchedesign.be\/?page_id=220156","title":{"rendered":"02 \u2022 MES SERVICES"},"content":{"rendered":"<p>[et_pb_section fb_built=&#8221;1&#8243; _builder_version=&#8221;4.7.7&#8243; _module_preset=&#8221;default&#8221; background_image=&#8221;https:\/\/latouchedesign.be\/wp-content\/uploads\/2021\/03\/18-scaled.jpg&#8221; background_enable_video_mp4=&#8221;off&#8221;][et_pb_row _builder_version=&#8221;4.9.0&#8243; _module_preset=&#8221;default&#8221;][et_pb_column type=&#8221;4_4&#8243; _builder_version=&#8221;4.7.7&#8243; _module_preset=&#8221;default&#8221;][et_pb_cta title=&#8221;Mes services &#8221; button_url=&#8221;#&#8221; _builder_version=&#8221;4.9.0&#8243; _module_preset=&#8221;default&#8221; header_font_size=&#8221;32px&#8221; header_line_height=&#8221;1.2em&#8221; body_font_size=&#8221;16px&#8221; body_letter_spacing=&#8221;1px&#8221; background_color=&#8221;rgba(255,255,255,0.6)&#8221; background_layout=&#8221;light&#8221; max_width=&#8221;70%&#8221; max_width_tablet=&#8221;100%&#8221; max_width_phone=&#8221;&#8221; max_width_last_edited=&#8221;on|phone&#8221; module_alignment=&#8221;center&#8221; hover_enabled=&#8221;0&#8243; header_font_size_tablet=&#8221;&#8221; header_font_size_phone=&#8221;28px&#8221; header_font_size_last_edited=&#8221;on|phone&#8221; border_color_all=&#8221;#ffffff&#8221; sticky_enabled=&#8221;0&#8243;]<\/p>\n<p>Je vous propose diff\u00e9rentes formules qui s&#8217;adaptent \u00e0 chaque client, chaque besoin et chaque budget.\u00a0<br \/>Je travail \u00e0 distance, mais \u00e9galement \u00e0 domicile avec des frais de d\u00e9placement.<br \/>Si vous ne savez pas quelle formule est faite pour vous, contactez moi par email <span style=\"color: #4c4c4c;\"><a href=\"mailto:Latouchedesign.officiel@gmail.com\" style=\"color: #4c4c4c;\">Latouchedesign.officiel@gmail.com<\/a><\/span><br \/>Je vous orienterais vers la formule qui vous correspond.<\/p>\n<p>[\/et_pb_cta][et_pb_divider divider_position=&#8221;center&#8221; _builder_version=&#8221;4.7.7&#8243; _module_preset=&#8221;default&#8221; custom_margin=&#8221;-2%||||false|false&#8221; custom_css_main_element=&#8221;margin:0 auto;||transform: rotate(90deg);||width: 60px;||z-index: 99;&#8221;][\/et_pb_divider][\/et_pb_column][\/et_pb_row][\/et_pb_section][et_pb_section fb_built=&#8221;1&#8243; _builder_version=&#8221;4.7.7&#8243; _module_preset=&#8221;default&#8221;][et_pb_row column_structure=&#8221;1_2,1_2&#8243; use_custom_gutter=&#8221;on&#8221; make_equal=&#8221;on&#8221; module_class=&#8221;custom_bullets_wpcc&#8221; _builder_version=&#8221;4.7.7&#8243; _module_preset=&#8221;default&#8221;][et_pb_column type=&#8221;1_2&#8243; _builder_version=&#8221;4.7.7&#8243; _module_preset=&#8221;default&#8221; custom_css_main_element=&#8221;display: flex;||flex-direction: column;||justify-content: center;&#8221;][et_pb_text _builder_version=&#8221;4.9.0&#8243; _module_preset=&#8221;default&#8221; text_line_height=&#8221;2.2em&#8221; header_2_font_size=&#8221;36px&#8221; header_2_line_height=&#8221;1.4em&#8221; header_3_line_height=&#8221;2.1em&#8221; text_orientation=&#8221;justified&#8221; header_2_text_align_tablet=&#8221;&#8221; header_2_text_align_phone=&#8221;left&#8221; header_2_text_align_last_edited=&#8221;on|phone&#8221; header_2_font_size_tablet=&#8221;&#8221; header_2_font_size_phone=&#8221;32px&#8221; header_2_font_size_last_edited=&#8221;on|phone&#8221;]<\/p>\n<h2><span class=\"oliviapro_highlight\">1:1 Formule Coaching D\u00e9co<\/span><\/h2>\n<p>&nbsp;<\/p>\n<p>[\/et_pb_text][et_pb_text _builder_version=&#8221;4.7.7&#8243; _module_preset=&#8221;default&#8221; custom_margin=&#8221;-45px||||false|false&#8221;]<\/p>\n<p>Entretient d&#8217;1h30 t\u00e9l\u00e9phonique ou en visio, dans lequel on analyse vos besoins et votre probl\u00e9matique ( possible sur place moyennement frais de d\u00e9placement ).<br \/> Je vous proposerais ensuite mes id\u00e9es, mes solutions, une planche d&#8217;inspiration, tout cela dans un compte rendu d\u00e9taill\u00e9 qui vous sera \u00e9galement envoy\u00e9 par email.<\/p>\n<p>[\/et_pb_text][et_pb_text _builder_version=&#8221;4.7.7&#8243; _module_preset=&#8221;default&#8221; header_3_font_size=&#8221;26px&#8221; custom_margin=&#8221;||5%||false|false&#8221;]<\/p>\n<h3>Tous nos prix sont par pi\u00e8ces.<br \/>Autres possibilit\u00e9 sur demande, comme :<\/h3>\n<p>[\/et_pb_text][et_pb_blurb title=&#8221;Shopping d\u00e9co&#8221; use_icon=&#8221;on&#8221; font_icon=&#8221;%%45%%&#8221; icon_placement=&#8221;left&#8221; use_icon_font_size=&#8221;on&#8221; icon_font_size=&#8221;30px&#8221; _builder_version=&#8221;4.7.7&#8243; _module_preset=&#8221;default&#8221; header_font=&#8221;Karla||||on||||&#8221; header_line_height=&#8221;1.1em&#8221; custom_margin=&#8221;||5%||false|false&#8221; custom_css_blurb_content=&#8221;margin-left:0;||margin-right:0;&#8221;][\/et_pb_blurb][et_pb_blurb title=&#8221;Plan 3D&#8221; use_icon=&#8221;on&#8221; font_icon=&#8221;%%45%%&#8221; icon_placement=&#8221;left&#8221; use_icon_font_size=&#8221;on&#8221; icon_font_size=&#8221;30px&#8221; _builder_version=&#8221;4.7.7&#8243; _module_preset=&#8221;default&#8221; header_font=&#8221;Karla||||on||||&#8221; custom_margin=&#8221;||5%||false|false&#8221; custom_css_blurb_content=&#8221;margin-left:0;&#8221;][\/et_pb_blurb][et_pb_blurb title=&#8221;Conseils en visio : sans compte rendu&#8221; use_icon=&#8221;on&#8221; font_icon=&#8221;%%45%%&#8221; icon_placement=&#8221;left&#8221; use_icon_font_size=&#8221;on&#8221; icon_font_size=&#8221;30px&#8221; _builder_version=&#8221;4.7.7&#8243; _module_preset=&#8221;default&#8221; header_font=&#8221;Karla||||on||||&#8221; custom_margin=&#8221;||5%||false|false&#8221; custom_css_blurb_content=&#8221;margin-left:0;&#8221;][\/et_pb_blurb][et_pb_button button_text=&#8221;150\u20ac&#8221; _builder_version=&#8221;4.7.7&#8243; _module_preset=&#8221;default&#8221; custom_button=&#8221;on&#8221; button_text_color=&#8221;#ffffff&#8221; button_bg_color=&#8221;#000000&#8243; button_border_color=&#8221;#000000&#8243;][\/et_pb_button][\/et_pb_column][et_pb_column type=&#8221;1_2&#8243; _builder_version=&#8221;4.7.7&#8243; _module_preset=&#8221;default&#8221; background_image=&#8221;https:\/\/latouchedesign.be\/wp-content\/uploads\/2021\/03\/image2-5.jpeg&#8221;][et_pb_text _builder_version=&#8221;4.9.0&#8243; _module_preset=&#8221;default&#8221; custom_padding=&#8221;5%||5%||true|false&#8221; custom_padding_tablet=&#8221;25%||25%||true|false&#8221; custom_padding_phone=&#8221;&#8221; custom_padding_last_edited=&#8221;on|phone&#8221;][\/et_pb_text][\/et_pb_column][\/et_pb_row][\/et_pb_section][et_pb_section fb_built=&#8221;1&#8243; module_class=&#8221;oliviapro_light_background&#8221; _builder_version=&#8221;4.8.2&#8243; _module_preset=&#8221;default&#8221; background_color=&#8221;#f5f5f5&#8243;][et_pb_row column_structure=&#8221;1_2,1_2&#8243; use_custom_gutter=&#8221;on&#8221; make_equal=&#8221;on&#8221; module_class=&#8221;custom_bullets_wpcc&#8221; _builder_version=&#8221;4.7.7&#8243; _module_preset=&#8221;default&#8221;][et_pb_column type=&#8221;1_2&#8243; _builder_version=&#8221;4.7.7&#8243; _module_preset=&#8221;default&#8221; background_image=&#8221;https:\/\/latouchedesign.be\/wp-content\/uploads\/2021\/03\/image1-5.jpeg&#8221;][et_pb_text _builder_version=&#8221;4.9.0&#8243; _module_preset=&#8221;default&#8221; custom_padding=&#8221;5%||5%||true|false&#8221; custom_padding_tablet=&#8221;25%||25%||true|false&#8221; custom_padding_phone=&#8221;&#8221; custom_padding_last_edited=&#8221;on|tablet&#8221;][\/et_pb_text][\/et_pb_column][et_pb_column type=&#8221;1_2&#8243; _builder_version=&#8221;4.7.7&#8243; _module_preset=&#8221;default&#8221; custom_css_main_element=&#8221;display: flex;||flex-direction: column;||justify-content: center;&#8221;][et_pb_text _builder_version=&#8221;4.9.0&#8243; _module_preset=&#8221;default&#8221; text_line_height=&#8221;2.2em&#8221; header_2_font_size=&#8221;36px&#8221; header_2_line_height=&#8221;1.4em&#8221; header_3_line_height=&#8221;2.1em&#8221; text_orientation=&#8221;justified&#8221;]<\/p>\n<h2><span class=\"oliviapro_highlight\">Formule Home Staging<\/span><\/h2>\n<p>Cette formule correspond aux personnes qui souhaitent rafraichir leur int\u00e9rieur sans se ruiner et en gardant une partie de leurs meubles. Cette formule convient \u00e9galement aux personnes ayant un tout petit budget et qui ont besoin de changement et de nouveaut\u00e9.<br \/>Un entretient d&#8217;une heure vous est d\u00e9di\u00e9 pour voir ensemble les meubles qui restent. Et ensuite je vous proposerais mes solutions pour valoriser votre int\u00e9rieur. J&#8217;\u00e9tablirais un compte rendu avec tous les d\u00e9tails repris dessus.<\/p>\n<p>[\/et_pb_text][et_pb_text _builder_version=&#8221;4.7.7&#8243; _module_preset=&#8221;default&#8221; header_3_font_size=&#8221;26px&#8221; custom_margin=&#8221;||5%||false|false&#8221;]<\/p>\n<h3>Tous nos pris sont par pi\u00e8ces.<br \/>Autres possibilit\u00e9 sur demande comme :\u00a0<\/h3>\n<p>[\/et_pb_text][et_pb_blurb title=&#8221;Shopping d\u00e9co&#8221; use_icon=&#8221;on&#8221; font_icon=&#8221;%%45%%&#8221; icon_placement=&#8221;left&#8221; use_icon_font_size=&#8221;on&#8221; icon_font_size=&#8221;30px&#8221; _builder_version=&#8221;4.7.7&#8243; _module_preset=&#8221;default&#8221; header_font=&#8221;Karla||||on||||&#8221; custom_margin=&#8221;||5%||false|false&#8221; custom_css_blurb_content=&#8221;margin-left:0;||margin-right:0;&#8221;][\/et_pb_blurb][et_pb_blurb title=&#8221;Plan 3D&#8221; use_icon=&#8221;on&#8221; font_icon=&#8221;%%45%%&#8221; icon_placement=&#8221;left&#8221; use_icon_font_size=&#8221;on&#8221; icon_font_size=&#8221;30px&#8221; _builder_version=&#8221;4.7.7&#8243; _module_preset=&#8221;default&#8221; header_font=&#8221;Karla||||on||||&#8221; custom_margin=&#8221;||5%||false|false&#8221; custom_css_blurb_content=&#8221;margin-left:0;&#8221;][\/et_pb_blurb][et_pb_blurb title=&#8221;Conseils en Visio : sans compte rendu&#8221; use_icon=&#8221;on&#8221; font_icon=&#8221;%%45%%&#8221; icon_placement=&#8221;left&#8221; use_icon_font_size=&#8221;on&#8221; icon_font_size=&#8221;30px&#8221; _builder_version=&#8221;4.7.7&#8243; _module_preset=&#8221;default&#8221; header_font=&#8221;Karla||||on||||&#8221; custom_margin=&#8221;||5%||false|false&#8221; custom_css_blurb_content=&#8221;margin-left:0;&#8221;][\/et_pb_blurb][et_pb_button button_text=&#8221;100\u20ac&#8221; _builder_version=&#8221;4.7.7&#8243; _module_preset=&#8221;default&#8221; custom_button=&#8221;on&#8221; button_bg_color=&#8221;#000000&#8243; button_border_color=&#8221;#000000&#8243;][\/et_pb_button][\/et_pb_column][\/et_pb_row][\/et_pb_section][et_pb_section fb_built=&#8221;1&#8243; _builder_version=&#8221;4.9.0&#8243; _module_preset=&#8221;default&#8221; custom_margin=&#8221;||3%||false|false&#8221; custom_padding=&#8221;|5px||||&#8221;][et_pb_row column_structure=&#8221;1_2,1_2&#8243; use_custom_gutter=&#8221;on&#8221; make_equal=&#8221;on&#8221; module_class=&#8221;custom_bullets_wpcc&#8221; _builder_version=&#8221;4.7.7&#8243; _module_preset=&#8221;default&#8221;][et_pb_column type=&#8221;1_2&#8243; _builder_version=&#8221;4.7.7&#8243; _module_preset=&#8221;default&#8221; custom_css_main_element=&#8221;display: flex;||flex-direction: column;||justify-content: center;&#8221;][et_pb_text _builder_version=&#8221;4.9.0&#8243; _module_preset=&#8221;default&#8221; text_line_height=&#8221;2.2em&#8221; header_2_font_size=&#8221;36px&#8221; header_2_line_height=&#8221;1.4em&#8221; header_3_line_height=&#8221;2.1em&#8221; text_orientation=&#8221;justified&#8221; header_2_text_align_tablet=&#8221;&#8221; header_2_text_align_phone=&#8221;&#8221; header_2_text_align_last_edited=&#8221;on|phone&#8221; header_2_font_size_tablet=&#8221;&#8221; header_2_font_size_phone=&#8221;32px&#8221; header_2_font_size_last_edited=&#8221;on|phone&#8221;]<\/p>\n<h2><span class=\"oliviapro_highlight\">Formule Coaching D\u00e9co Appronfondi<\/span><\/h2>\n<p>Du mal \u00e0 vous projetez dans un int\u00e9rieur ? Des travaux de pr\u00e9vu mais aucune id\u00e9e de l&#8217;agencement \u00e0 privil\u00e9gier ? Ou juste pas le temps ?<br \/>Cette formule est d\u00e9di\u00e9e aux particuliers et aux professionnels, pour un accompagnement encore plus personnalis\u00e9.\u00a0<br \/>Apr\u00e8s notre premier entretient d&#8217;une heure, je vous proposerai des solutions pour red\u00e9finir les espaces pour qu&#8217;il soit en harmonie avec vous et ce que vous souhaitez.<\/p>\n<p>Cette formule comprend :\u00a0<br \/>&#8211; 2 entretiens d&#8217;une heure<br \/>&#8211; Une planche d&#8217;inspiration<br \/>&#8211; Des plans 3D<br \/>&#8211; Une shopping-list<\/p>\n<p>[\/et_pb_text][et_pb_text _builder_version=&#8221;4.7.7&#8243; _module_preset=&#8221;default&#8221; header_3_font_size=&#8221;26px&#8221; min_height=&#8221;38px&#8221; custom_margin=&#8221;0px||5%||false|false&#8221;]<\/p>\n<h3>Tous nos prix sont par pi\u00e8ces.<br \/>Autres possibilit\u00e9 sur demande, comme :<\/h3>\n<p>[\/et_pb_text][et_pb_blurb title=&#8221;Shopping d\u00e9co&#8221; use_icon=&#8221;on&#8221; font_icon=&#8221;%%45%%&#8221; icon_placement=&#8221;left&#8221; use_icon_font_size=&#8221;on&#8221; icon_font_size=&#8221;30px&#8221; _builder_version=&#8221;4.7.7&#8243; _module_preset=&#8221;default&#8221; header_font=&#8221;Karla||||on||||&#8221; header_line_height=&#8221;1.1em&#8221; custom_margin=&#8221;||5%||false|false&#8221; custom_css_blurb_content=&#8221;margin-left:0;||margin-right:0;&#8221;][\/et_pb_blurb][et_pb_blurb title=&#8221;Plan 3D&#8221; use_icon=&#8221;on&#8221; font_icon=&#8221;%%45%%&#8221; icon_placement=&#8221;left&#8221; use_icon_font_size=&#8221;on&#8221; icon_font_size=&#8221;30px&#8221; _builder_version=&#8221;4.7.7&#8243; _module_preset=&#8221;default&#8221; header_font=&#8221;Karla||||on||||&#8221; custom_margin=&#8221;||5%||false|false&#8221; custom_css_blurb_content=&#8221;margin-left:0;&#8221;][\/et_pb_blurb][et_pb_blurb title=&#8221;Conseils en visu : sans compte rendu &#8221; use_icon=&#8221;on&#8221; font_icon=&#8221;%%45%%&#8221; icon_placement=&#8221;left&#8221; use_icon_font_size=&#8221;on&#8221; icon_font_size=&#8221;30px&#8221; _builder_version=&#8221;4.7.7&#8243; _module_preset=&#8221;default&#8221; header_font=&#8221;Karla||||on||||&#8221; custom_margin=&#8221;||5%||false|false&#8221; custom_css_blurb_content=&#8221;margin-left:0;&#8221;][\/et_pb_blurb][et_pb_button button_text=&#8221;250\u20ac&#8221; _builder_version=&#8221;4.7.7&#8243; _module_preset=&#8221;default&#8221; custom_button=&#8221;on&#8221; button_bg_color=&#8221;#000000&#8243; button_border_color=&#8221;#000000&#8243;][\/et_pb_button][\/et_pb_column][et_pb_column type=&#8221;1_2&#8243; _builder_version=&#8221;4.7.7&#8243; _module_preset=&#8221;default&#8221; background_image=&#8221;https:\/\/latouchedesign.be\/wp-content\/uploads\/2021\/03\/image0-5.jpeg&#8221;][et_pb_text _builder_version=&#8221;4.9.0&#8243; _module_preset=&#8221;default&#8221; custom_padding=&#8221;5%||5%||true|false&#8221; custom_padding_tablet=&#8221;25%||25%||true|false&#8221; custom_padding_phone=&#8221;&#8221; custom_padding_last_edited=&#8221;on|phone&#8221;][\/et_pb_text][\/et_pb_column][\/et_pb_row][\/et_pb_section]<\/p>\n","protected":false},"excerpt":{"rendered":"<p>[et_pb_section fb_built=&#8221;1&#8243; _builder_version=&#8221;4.7.7&#8243; _module_preset=&#8221;default&#8221; background_image=&#8221;https:\/\/latouchedesign.be\/wp-content\/uploads\/2021\/03\/18-scaled.jpg&#8221; background_enable_video_mp4=&#8221;off&#8221;][et_pb_row _builder_version=&#8221;4.9.0&#8243; _module_preset=&#8221;default&#8221;][et_pb_column type=&#8221;4_4&#8243; _builder_version=&#8221;4.7.7&#8243; _module_preset=&#8221;default&#8221;][et_pb_cta title=&#8221;Mes services &#8221; button_url=&#8221;#&#8221; _builder_version=&#8221;4.9.0&#8243; _module_preset=&#8221;default&#8221; header_font_size=&#8221;32px&#8221; header_line_height=&#8221;1.2em&#8221; body_font_size=&#8221;16px&#8221; body_letter_spacing=&#8221;1px&#8221; background_color=&#8221;rgba(255,255,255,0.6)&#8221; background_layout=&#8221;light&#8221; max_width=&#8221;70%&#8221; max_width_tablet=&#8221;100%&#8221; max_width_phone=&#8221;&#8221; max_width_last_edited=&#8221;on|phone&#8221; module_alignment=&#8221;center&#8221; hover_enabled=&#8221;0&#8243; header_font_size_tablet=&#8221;&#8221; header_font_size_phone=&#8221;28px&#8221; header_font_size_last_edited=&#8221;on|phone&#8221; border_color_all=&#8221;#ffffff&#8221; sticky_enabled=&#8221;0&#8243;] Je vous propose diff\u00e9rentes formules qui s&#8217;adaptent \u00e0 chaque client, chaque besoin et chaque budget.\u00a0Je travail \u00e0 distance, mais \u00e9galement \u00e0 [&hellip;]<\/p>\n","protected":false},"author":2,"featured_media":0,"parent":0,"menu_order":0,"comment_status":"closed","ping_status":"closed","template":"","meta":{"_et_pb_use_builder":"on","_et_pb_old_content":"","_et_gb_content_width":""},"_links":{"self":[{"href":"https:\/\/latouchedesign.be\/index.php?rest_route=\/wp\/v2\/pages\/220156"}],"collection":[{"href":"https:\/\/latouchedesign.be\/index.php?rest_route=\/wp\/v2\/pages"}],"about":[{"href":"https:\/\/latouchedesign.be\/index.php?rest_route=\/wp\/v2\/types\/page"}],"author":[{"embeddable":true,"href":"https:\/\/latouchedesign.be\/index.php?rest_route=\/wp\/v2\/users\/2"}],"replies":[{"embeddable":true,"href":"https:\/\/latouchedesign.be\/index.php?rest_route=%2Fwp%2Fv2%2Fcomments&post=220156"}],"version-history":[{"count":6,"href":"https:\/\/latouchedesign.be\/index.php?rest_route=\/wp\/v2\/pages\/220156\/revisions"}],"predecessor-version":[{"id":221723,"href":"https:\/\/latouchedesign.be\/index.php?rest_route=\/wp\/v2\/pages\/220156\/revisions\/221723"}],"wp:attachment":[{"href":"https:\/\/latouchedesign.be\/index.php?rest_route=%2Fwp%2Fv2%2Fmedia&parent=220156"}],"curies":[{"name":"wp","href":"https:\/\/api.w.org\/{rel}","templated":true}]}}