{"id":220509,"date":"2021-02-05T15:22:18","date_gmt":"2021-02-05T15:22:18","guid":{"rendered":"https:\/\/demosdivi.lovelyconfetti.com\/oliviapro\/?page_id=220509"},"modified":"2021-04-01T01:15:28","modified_gmt":"2021-03-31T23:15:28","slug":"thank-you","status":"publish","type":"page","link":"https:\/\/latouchedesign.be\/?page_id=220509","title":{"rendered":"05 \u2022 \u00c0 PROPOS"},"content":{"rendered":"<p>[et_pb_section fb_built=&#8221;1&#8243; module_class=&#8221;oliviapro_light_background&#8221; _builder_version=&#8221;4.8.2&#8243; _module_preset=&#8221;default&#8221; background_color=&#8221;#f5f5f5&#8243; custom_padding=&#8221;||0px|||&#8221;][et_pb_row column_structure=&#8221;1_2,1_2&#8243; use_custom_gutter=&#8221;on&#8221; make_equal=&#8221;on&#8221; _builder_version=&#8221;4.9.0&#8243; _module_preset=&#8221;default&#8221; module_alignment=&#8221;center&#8221; custom_padding=&#8221;6%||6%||true|false&#8221; custom_margin=&#8221;|144px||auto||&#8221;][et_pb_column type=&#8221;1_2&#8243; _builder_version=&#8221;4.9.0&#8243; _module_preset=&#8221;default&#8221; custom_css_main_element=&#8221;display: flex;||flex-direction: column;||justify-content: center;&#8221;][et_pb_image src=&#8221;https:\/\/latouchedesign.be\/wp-content\/uploads\/2021\/03\/image0-6.jpeg&#8221; title_text=&#8221;image0-6&#8243; _builder_version=&#8221;4.7.7&#8243; _module_preset=&#8221;default&#8221;][\/et_pb_image][\/et_pb_column][et_pb_column type=&#8221;1_2&#8243; _builder_version=&#8221;4.9.0&#8243; _module_preset=&#8221;default&#8221; custom_css_main_element=&#8221;display: flex;||flex-direction: column;||justify-content: center;&#8221;][et_pb_blurb title=&#8221;Je m&#8217;appelle Imane A.&#8221; use_icon=&#8221;on&#8221; font_icon=&#8221;%%90%%&#8221; use_icon_font_size=&#8221;on&#8221; icon_font_size=&#8221;50px&#8221; _builder_version=&#8221;4.7.7&#8243; _module_preset=&#8221;default&#8221; header_level=&#8221;h2&#8243; header_text_align=&#8221;center&#8221; header_font_size=&#8221;36px&#8221; header_line_height=&#8221;1.3em&#8221; body_text_align=&#8221;center&#8221; transform_scale=&#8221;93%|93%&#8221; custom_margin=&#8221;-18px||8px||false|false&#8221; custom_padding=&#8221;0px||||false|false&#8221;]<\/p>\n<p><span><br \/> Je suis Designer d&#8217;int\u00e9rieur, ce domaine m&#8217;animes depuis toute petite.<br \/> J&#8217;ai toujours \u00e9t\u00e9 passionn\u00e9 par l&#8217;alliance des couleurs, l&#8217;ameublement, le design, l&#8217;architecture et l&#8217;art.\u00a0<\/span><\/p>\n<p>J&#8217;ai donc fini par suivre une formation, dont j&#8217;ai \u00e9t\u00e9\u00a0dipl\u00f4m\u00e9e en octobre 2020.<br \/> J&#8217;accompagne les particuliers et les\u00a0professionnels dans leurs projets d&#8217;int\u00e9rieur, en cr\u00e9ant des espaces harmonieux, alliant l&#8217;esth\u00e9tique et le fonctionnel. Mon but est de faire en sorte que votre int\u00e9rieur soit structur\u00e9, pratique, design et qui vous correspond.<\/p>\n<p>J&#8217;aime tous les styles, j&#8217;aime \u00e9galement le m\u00e9lange des genres pour donner une \u00e2me suppl\u00e9mentaire au lieu. Mais le style qui me correspond le plus est le minimalisme sophistiqu\u00e9.<\/p>\n<p>Je suis \u00e9galement passionn\u00e9e d&#8217;art abstrait, vous y trouverez mes r\u00e9alisations sur mon compte instagram et ici, sur mon site, tr\u00e8s prochainement.<\/p>\n<p style=\"text-align: right;\">Imane A.<br \/> La Touche Design<\/p>\n<p>[\/et_pb_blurb][\/et_pb_column][\/et_pb_row][\/et_pb_section][et_pb_section fb_built=&#8221;1&#8243; _builder_version=&#8221;4.7.7&#8243; _module_preset=&#8221;default&#8221; background_color=&#8221;rgba(224,216,201,0.35)&#8221; background_enable_image=&#8221;off&#8221; background_blend=&#8221;multiply&#8221; custom_padding=&#8221;||26px|||&#8221;][et_pb_row use_custom_gutter=&#8221;on&#8221; make_equal=&#8221;on&#8221; _builder_version=&#8221;4.6.6&#8243; background_size=&#8221;initial&#8221; background_position=&#8221;top_left&#8221; background_repeat=&#8221;repeat&#8221; max_width=&#8221;100%&#8221; custom_margin=&#8221;-53px|auto||auto||&#8221;][et_pb_column type=&#8221;4_4&#8243; _builder_version=&#8221;4.6.6&#8243; background_color=&#8221;rgba(0,0,0,0)&#8221; custom_padding=&#8221;|||&#8221; custom_padding__hover=&#8221;|||&#8221;][et_pb_text _builder_version=&#8221;4.7.7&#8243; _module_preset=&#8221;default&#8221; text_font=&#8221;Abhaya Libre||||||||&#8221; text_font_size=&#8221;28px&#8221; hover_enabled=&#8221;0&#8243; sticky_enabled=&#8221;0&#8243;]<\/p>\n<p style=\"text-align: center;\">Ils nous ont fait confiance!<\/p>\n<p>[\/et_pb_text][\/et_pb_column][\/et_pb_row][et_pb_row column_structure=&#8221;1_3,1_3,1_3&#8243; use_custom_gutter=&#8221;on&#8221; make_equal=&#8221;on&#8221; _builder_version=&#8221;4.7.7&#8243; background_size=&#8221;initial&#8221; background_position=&#8221;top_left&#8221; background_repeat=&#8221;repeat&#8221; max_width=&#8221;100%&#8221; custom_margin=&#8221;-27px|auto||auto||&#8221;][et_pb_column type=&#8221;1_3&#8243; _builder_version=&#8221;4.7.7&#8243; background_color=&#8221;rgba(0,0,0,0)&#8221; custom_padding=&#8221;|||&#8221; custom_padding__hover=&#8221;|||&#8221;][et_pb_blurb title=&#8221;Samia b.&#8221; url=&#8221;http:\/\/demosdivi.lovelyconfetti.com\/olivia\/pricing-table\/&#8221; module_class=&#8221;olivia-service_block&#8221; _builder_version=&#8221;4.7.7&#8243; header_level=&#8221;h3&#8243; header_font=&#8221;|||on|||||&#8221; header_text_align=&#8221;center&#8221; header_font_size=&#8221;24px&#8221; header_letter_spacing=&#8221;2px&#8221; header_line_height=&#8221;1.6em&#8221; link_option_url=&#8221;http:\/\/demosdivi.lovelyconfetti.com\/olivia\/pricing-table\/&#8221; custom_css_blurb_image=&#8221;max-width:60px;&#8221; border_color_all_image=&#8221;#000000&#8243;]<\/p>\n<p><em>J&#8217;ai fait appel aux talents d&#8217;Imane et j&#8217;en suis ravie. Elle a \u00e9t\u00e9 tr\u00e9s disponible, professionnelle, patiente. Je ne peux que la recommander. Mon salon revit gr\u00e2ce \u00e0 elle. Merci \u00e0 cette GRANDE d\u00e9coratrice.<\/em><\/p>\n<p>[\/et_pb_blurb][\/et_pb_column][et_pb_column type=&#8221;1_3&#8243; _builder_version=&#8221;3.25&#8243; custom_padding=&#8221;|||&#8221; custom_padding__hover=&#8221;|||&#8221;][et_pb_blurb title=&#8221;The caftan by ss&#8221; url=&#8221;http:\/\/demosdivi.lovelyconfetti.com\/olivia\/filterable-portfolio\/&#8221; module_class=&#8221;olivia-service_block&#8221; _builder_version=&#8221;4.7.7&#8243; header_level=&#8221;h3&#8243; header_font=&#8221;|||on|||||&#8221; header_text_align=&#8221;center&#8221; header_font_size=&#8221;24px&#8221; header_letter_spacing=&#8221;2px&#8221; header_line_height=&#8221;1.7em&#8221; link_option_url=&#8221;http:\/\/demosdivi.lovelyconfetti.com\/olivia\/filterable-portfolio\/&#8221; custom_css_blurb_image=&#8221;max-width:60px;&#8221;]<\/p>\n<p>Mon associ\u00e9e et moi m\u00eame avons confi\u00e9 l&#8217;am\u00e9nagement et la d\u00e9coration de notre showroom \u00e0 Imane. Une t\u00e2che tr\u00e9s lourde qui devait nous repr\u00e9senter et \u00eatre \u00e0 la hauteur d&#8217;un showroom de haute couture.<\/p>\n<p>[\/et_pb_blurb][\/et_pb_column][et_pb_column type=&#8221;1_3&#8243; _builder_version=&#8221;3.25&#8243; custom_padding=&#8221;|||&#8221; custom_padding__hover=&#8221;|||&#8221;][et_pb_blurb title=&#8221;Houda a.&#8221; url=&#8221;http:\/\/demosdivi.lovelyconfetti.com\/olivia\/contact\/&#8221; module_class=&#8221;olivia-service_block&#8221; _builder_version=&#8221;4.7.7&#8243; header_level=&#8221;h3&#8243; header_font=&#8221;|||on|||||&#8221; header_text_align=&#8221;center&#8221; header_font_size=&#8221;24px&#8221; header_letter_spacing=&#8221;2px&#8221; header_line_height=&#8221;1.6em&#8221; link_option_url=&#8221;http:\/\/demosdivi.lovelyconfetti.com\/olivia\/contact\/&#8221; custom_css_blurb_image=&#8221;max-width:60px;&#8221;]<\/p>\n<p>Imane a su m&#8217;aider pour l&#8217;am\u00e9nagement et l&#8217;agencement de la chanbre de ma fille. Ses id\u00e9es m&#8217;ont tellement aid\u00e9, me reste le parquet \u00e0 poser et je vous envois le rendu final. Merci encore Imane.\u00a0<\/p>\n<p>[\/et_pb_blurb][\/et_pb_column][\/et_pb_row][et_pb_row _builder_version=&#8221;4.7.7&#8243; _module_preset=&#8221;default&#8221;][et_pb_column type=&#8221;4_4&#8243; _builder_version=&#8221;4.7.7&#8243; _module_preset=&#8221;default&#8221;][et_pb_button button_text=&#8221;+ d&#8217;avis clients&#8221; button_alignment=&#8221;center&#8221; _builder_version=&#8221;4.7.7&#8243; _module_preset=&#8221;default&#8221; custom_button=&#8221;on&#8221; button_text_color=&#8221;#ffffff&#8221; button_bg_color=&#8221;#000000&#8243; button_border_color=&#8221;#000000&#8243;][\/et_pb_button][\/et_pb_column][\/et_pb_row][\/et_pb_section][et_pb_section fb_built=&#8221;1&#8243; _builder_version=&#8221;4.7.7&#8243; _module_preset=&#8221;default&#8221; custom_margin=&#8221;5px|||||&#8221;][et_pb_row _builder_version=&#8221;4.7.7&#8243; _module_preset=&#8221;default&#8221; custom_margin=&#8221;-25px|auto||auto||&#8221;][et_pb_column type=&#8221;4_4&#8243; _builder_version=&#8221;4.7.7&#8243; _module_preset=&#8221;default&#8221;][et_pb_button button_url=&#8221;https:\/\/latouchedesign.be&#8221; button_text=&#8221;retour \u00e0 la page d&#8217;accueil &#8221; button_alignment=&#8221;center&#8221; _builder_version=&#8221;4.7.7&#8243; _module_preset=&#8221;default&#8221; custom_button=&#8221;on&#8221; button_text_color=&#8221;#ffffff&#8221; button_bg_color=&#8221;#000000&#8243; button_border_color=&#8221;#000000&#8243;][\/et_pb_button][\/et_pb_column][\/et_pb_row][\/et_pb_section]<\/p>\n","protected":false},"excerpt":{"rendered":"<p>[et_pb_section fb_built=&#8221;1&#8243; module_class=&#8221;oliviapro_light_background&#8221; _builder_version=&#8221;4.8.2&#8243; _module_preset=&#8221;default&#8221; background_color=&#8221;#f5f5f5&#8243; custom_padding=&#8221;||0px|||&#8221;][et_pb_row column_structure=&#8221;1_2,1_2&#8243; use_custom_gutter=&#8221;on&#8221; make_equal=&#8221;on&#8221; _builder_version=&#8221;4.9.0&#8243; _module_preset=&#8221;default&#8221; module_alignment=&#8221;center&#8221; custom_padding=&#8221;6%||6%||true|false&#8221; custom_margin=&#8221;|144px||auto||&#8221;][et_pb_column type=&#8221;1_2&#8243; _builder_version=&#8221;4.9.0&#8243; _module_preset=&#8221;default&#8221; custom_css_main_element=&#8221;display: flex;||flex-direction: column;||justify-content: center;&#8221;][et_pb_image src=&#8221;https:\/\/latouchedesign.be\/wp-content\/uploads\/2021\/03\/image0-6.jpeg&#8221; title_text=&#8221;image0-6&#8243; _builder_version=&#8221;4.7.7&#8243; _module_preset=&#8221;default&#8221;][\/et_pb_image][\/et_pb_column][et_pb_column type=&#8221;1_2&#8243; _builder_version=&#8221;4.9.0&#8243; _module_preset=&#8221;default&#8221; custom_css_main_element=&#8221;display: flex;||flex-direction: column;||justify-content: center;&#8221;][et_pb_blurb title=&#8221;Je m&#8217;appelle Imane A.&#8221; use_icon=&#8221;on&#8221; font_icon=&#8221;%%90%%&#8221; use_icon_font_size=&#8221;on&#8221; icon_font_size=&#8221;50px&#8221; _builder_version=&#8221;4.7.7&#8243; _module_preset=&#8221;default&#8221; header_level=&#8221;h2&#8243; header_text_align=&#8221;center&#8221; header_font_size=&#8221;36px&#8221; header_line_height=&#8221;1.3em&#8221; body_text_align=&#8221;center&#8221; transform_scale=&#8221;93%|93%&#8221; custom_margin=&#8221;-18px||8px||false|false&#8221; custom_padding=&#8221;0px||||false|false&#8221;] Je suis Designer d&#8217;int\u00e9rieur, [&hellip;]<\/p>\n","protected":false},"author":2,"featured_media":0,"parent":0,"menu_order":0,"comment_status":"closed","ping_status":"closed","template":"page-template-blank.php","meta":{"_et_pb_use_builder":"on","_et_pb_old_content":"","_et_gb_content_width":""},"_links":{"self":[{"href":"https:\/\/latouchedesign.be\/index.php?rest_route=\/wp\/v2\/pages\/220509"}],"collection":[{"href":"https:\/\/latouchedesign.be\/index.php?rest_route=\/wp\/v2\/pages"}],"about":[{"href":"https:\/\/latouchedesign.be\/index.php?rest_route=\/wp\/v2\/types\/page"}],"author":[{"embeddable":true,"href":"https:\/\/latouchedesign.be\/index.php?rest_route=\/wp\/v2\/users\/2"}],"replies":[{"embeddable":true,"href":"https:\/\/latouchedesign.be\/index.php?rest_route=%2Fwp%2Fv2%2Fcomments&post=220509"}],"version-history":[{"count":8,"href":"https:\/\/latouchedesign.be\/index.php?rest_route=\/wp\/v2\/pages\/220509\/revisions"}],"predecessor-version":[{"id":221684,"href":"https:\/\/latouchedesign.be\/index.php?rest_route=\/wp\/v2\/pages\/220509\/revisions\/221684"}],"wp:attachment":[{"href":"https:\/\/latouchedesign.be\/index.php?rest_route=%2Fwp%2Fv2%2Fmedia&parent=220509"}],"curies":[{"name":"wp","href":"https:\/\/api.w.org\/{rel}","templated":true}]}}